{"id":34,"date":"2019-11-13T14:02:25","date_gmt":"2019-11-13T14:02:25","guid":{"rendered":"http:\/\/talmud.vocavi.fr\/wordpress\/?page_id=34"},"modified":"2019-12-02T18:33:16","modified_gmt":"2019-12-02T18:33:16","slug":"a-propos","status":"publish","type":"page","link":"http:\/\/talmud.vocavi.fr\/wordpress\/","title":{"rendered":"A propos"},"content":{"rendered":"<p>Bonjour et bienvenue sur le site &#8220;Talmud&#8221;<\/p>\n<p>Le site est une vitrine qui vous permettra d&#8217;acc\u00e9der \u00e0 une s\u00e9rie de vid\u00e9o d&#8217;\u00e9tude du Talmud de Babylone que je me suis permis d&#8217;enregistr\u00e9.<\/p>\n<p>Le principe est assez simple, je vais lire le contenue de l&#8217;\u00e9dition Artscroll en fran\u00e7ais et avancer ainsi de page en page.<\/p>\n<p>La lecture est compl\u00e8te, l&#8217;\u00e9tude comprends donc le contenue de la guemara en h\u00e9breu et en fran\u00e7ais et l&#8217;ensemble des commentaires.<\/p>\n<p>J&#8217;avance a un rythme du direct, c&#8217;est \u00e0 dire que je ne ferais pas de montage et je reprendrais devant vous \u00e0 chaque vid\u00e9o si n\u00e9cessaire un petit r\u00e9sumer de ce qui \u00e9tait aborder \u00e0 la vid\u00e9o pr\u00e9c\u00e9dente selon les besoins.<\/p>\n<p>J&#8217;y apporterais mon interpr\u00e9tation personnelle, au fur et \u00e0 mesure, j&#8217;essaierais de &#8220;deviner&#8221; ce que veut la guemara avant d&#8217;y regarder ce que dis le commentaire ou la guemara, et si je me trompe , cela sera une bonne chose et vous fera participer \u00e0 l&#8217;\u00e9tude.<\/p>\n<p>Je vous invite \u00e0 prendre ces vid\u00e9os comme une sorte de &#8220;havrouta&#8221; , dont le &#8220;Rav&#8221; principal sera l&#8217;\u00e9dition artscroll elle-m\u00eame.<\/p>\n<p>Les vid\u00e9os sont nomm\u00e9es selon la page &#8220;artscroll&#8221; \u00e9tudi\u00e9e, mais la pagination n&#8217;est en fait pas compl\u00e8tement respect\u00e9e. J&#8217;avance et enregistre en fonction des sujets et de la n\u00e9cessit\u00e9e de comprehension et de coherence du texte en cours. Vous aurez donc des vid\u00e9o qui d\u00e9bordent sur des pages suivantes ou pr\u00e9c\u00e9dentes de votre guemara.<\/p>\n<p>Le temps des vid\u00e9os varient entre 30 min\u00a0 et 1 heure.<\/p>\n<p>Il vaut mieux \u00eatre bien attentif durant l&#8217;\u00e9coute car certain passages demande des efforts, mais je vous conseille vivement d&#8217;\u00e9tudier sur livre et avec quelqu&#8217;un avec qui en discuter.<\/p>\n<p>&nbsp;<\/p>\n<p>&nbsp;<\/p>\n<p>&nbsp;<\/p>\n","protected":false},"excerpt":{"rendered":"<p>Bonjour et bienvenue sur le site &#8220;Talmud&#8221; Le site est une vitrine qui vous permettra d&#8217;acc\u00e9der \u00e0 une s\u00e9rie de vid\u00e9o d&#8217;\u00e9tude du Talmud de Babylone que je me suis permis d&#8217;enregistr\u00e9. Le principe est<a class=\"read-more\" href=\"http:\/\/talmud.vocavi.fr\/wordpress\/\">Continue reading<\/a><\/p>\n","protected":false},"author":1,"featured_media":0,"parent":0,"menu_order":0,"comment_status":"closed","ping_status":"closed","template":"","meta":[],"_links":{"self":[{"href":"http:\/\/talmud.vocavi.fr\/wordpress\/wp-json\/wp\/v2\/pages\/34"}],"collection":[{"href":"http:\/\/talmud.vocavi.fr\/wordpress\/wp-json\/wp\/v2\/pages"}],"about":[{"href":"http:\/\/talmud.vocavi.fr\/wordpress\/wp-json\/wp\/v2\/types\/page"}],"author":[{"embeddable":true,"href":"http:\/\/talmud.vocavi.fr\/wordpress\/wp-json\/wp\/v2\/users\/1"}],"replies":[{"embeddable":true,"href":"http:\/\/talmud.vocavi.fr\/wordpress\/wp-json\/wp\/v2\/comments?post=34"}],"version-history":[{"count":3,"href":"http:\/\/talmud.vocavi.fr\/wordpress\/wp-json\/wp\/v2\/pages\/34\/revisions"}],"predecessor-version":[{"id":1377,"href":"http:\/\/talmud.vocavi.fr\/wordpress\/wp-json\/wp\/v2\/pages\/34\/revisions\/1377"}],"wp:attachment":[{"href":"http:\/\/talmud.vocavi.fr\/wordpress\/wp-json\/wp\/v2\/media?parent=34"}],"curies":[{"name":"wp","href":"https:\/\/api.w.org\/{rel}","templated":true}]}}